{"id":7,"date":"2024-08-17T18:04:43","date_gmt":"2024-08-17T18:04:43","guid":{"rendered":"https:\/\/navigogrupa.com\/?page_id=7"},"modified":"2024-08-17T18:04:43","modified_gmt":"2024-08-17T18:04:43","slug":"informacje","status":"publish","type":"page","link":"https:\/\/navigogrupa.com\/?page_id=7","title":{"rendered":"Informacje"},"content":{"rendered":"\n<p>Mo\u017cesz by\u0107 artyst\u0105, kt\u00f3ry chcia\u0142by przedstawi\u0107 siebie i swoj\u0105 prac\u0119, a mo\u017ce to strona firmowa, a sama firma ma misj\u0119 do opisania.<\/p>\n","protected":false},"excerpt":{"rendered":"<p>Mo\u017cesz by\u0107 artyst\u0105, kt\u00f3ry chcia\u0142by przedstawi\u0107 siebie i swoj\u0105 prac\u0119, a mo\u017ce to strona firmowa, a sama firma ma misj\u0119 do opisania.<\/p>\n","protected":false},"author":1,"featured_media":0,"parent":0,"menu_order":0,"comment_status":"closed","ping_status":"closed","template":"","meta":{"footnotes":""},"class_list":["post-7","page","type-page","status-publish","hentry"],"_links":{"self":[{"href":"https:\/\/navigogrupa.com\/index.php?rest_route=\/wp\/v2\/pages\/7","targetHints":{"allow":["GET"]}}],"collection":[{"href":"https:\/\/navigogrupa.com\/index.php?rest_route=\/wp\/v2\/pages"}],"about":[{"href":"https:\/\/navigogrupa.com\/index.php?rest_route=\/wp\/v2\/types\/page"}],"author":[{"embeddable":true,"href":"https:\/\/navigogrupa.com\/index.php?rest_route=\/wp\/v2\/users\/1"}],"replies":[{"embeddable":true,"href":"https:\/\/navigogrupa.com\/index.php?rest_route=%2Fwp%2Fv2%2Fcomments&post=7"}],"version-history":[{"count":1,"href":"https:\/\/navigogrupa.com\/index.php?rest_route=\/wp\/v2\/pages\/7\/revisions"}],"predecessor-version":[{"id":15,"href":"https:\/\/navigogrupa.com\/index.php?rest_route=\/wp\/v2\/pages\/7\/revisions\/15"}],"wp:attachment":[{"href":"https:\/\/navigogrupa.com\/index.php?rest_route=%2Fwp%2Fv2%2Fmedia&parent=7"}],"curies":[{"name":"wp","href":"https:\/\/api.w.org\/{rel}","templated":true}]}}