{"id":6,"date":"2024-08-17T18:04:43","date_gmt":"2024-08-17T18:04:43","guid":{"rendered":"https:\/\/navigogrupa.com\/?page_id=6"},"modified":"2025-03-23T18:13:34","modified_gmt":"2025-03-23T17:13:34","slug":"nowe-muzeum-sztuki-nowoczesnej-otwarlo-swoje-powoje","status":"publish","type":"page","link":"https:\/\/navigogrupa.com\/","title":{"rendered":""},"content":{"rendered":"\n<div class=\"wp-block-group alignwide is-layout-flow wp-block-group-is-layout-flow\">\n<h4 class=\"wp-block-heading has-text-align-left\"><strong>NAVIGO Grupa \u2013 O NAS<\/strong><\/h4>\n\n\n\n<p>NAVIGO Grupa to firma <strong>doradczo \u2013 szkoleniowa<\/strong> specjalizuj\u0105ca si\u0119 w diagnozie kompetencji oraz wdra\u017caniu rozwi\u0105za\u0144 HR wspieraj\u0105cych efektywno\u015b\u0107 organizacji oraz dynamik\u0119 rozwoju jej pracownik\u00f3w. Nasz zesp\u00f3\u0142 to <strong>do\u015bwiadczeni konsultanci<\/strong>, kt\u00f3rzy od ponad 20 lat z sukcesami zajmuj\u0105 si\u0119 realizacj\u0105 <strong>projekt\u00f3w doradczych i szkoleniowych<\/strong>. \u0141\u0105czymy w sobie podej\u015bcie psychologiczne wyniesione z pracy z indywidualnymi klientami oraz praktyki biznesowe wypracowane w toku do\u015bwiadcze\u0144 pracy dla r\u00f3\u017cnych organizacji. Realizowali\u015bmy projekty dla firm o r\u00f3\u017cnej wielko\u015bci oraz z r\u00f3\u017cnych bran\u017c (mi\u0119dzy innymi: koncerny paliwowe, firmy produkcyjne, handlowe, us\u0142ugowe, farmaceutyczne, medyczne, informatyczne, ubezpieczeniowe, budowlane, instytucje pa\u0144stwowe oraz finansowe). Nasi <strong>konsultanci i trenerzy prowadz\u0105 zaj\u0119cia na studiach stacjonarnych i podyplomowych<\/strong>. Na sta\u0142e wsp\u00f3\u0142pracuj\u0105 w SWPS w Sopocie.<\/p>\n<\/div>\n\n\n\n<div class=\"wp-block-query alignwide is-layout-flow wp-block-query-is-layout-flow\">\n<div class=\"wp-block-group is-horizontal is-content-justification-left is-layout-flex wp-container-core-group-is-layout-400aa3ec wp-block-group-is-layout-flex\" style=\"margin-top:0;margin-bottom:0;padding-top:0;padding-right:0;padding-bottom:0;padding-left:0\"><ul class=\"columns-3 alignfull wp-block-post-template is-layout-grid wp-container-core-post-template-is-layout-2d080239 wp-block-post-template-is-layout-grid\"><li class=\"wp-block-post post-85 post type-post status-publish format-standard hentry category-bez-kategorii\">\n\n\n\n<div class=\"wp-block-group is-vertical is-nowrap is-layout-flex wp-container-core-group-is-layout-97ba36a5 wp-block-group-is-layout-flex\" style=\"margin-top:var(--wp--preset--spacing--20);padding-top:0\"><h2 class=\"wp-block-post-title has-large-font-size wp-container-content-32e3a40d\"><a href=\"https:\/\/navigogrupa.com\/?p=85\" target=\"_self\" >Sztuczna Inteligencja w HR: Przysz\u0142o\u015b\u0107 Zarz\u0105dzania Zasobami Ludzkimi<\/a><\/h2>\n\n<div class=\"wp-block-template-part\">\n\n<div class=\"wp-block-group has-global-padding is-layout-constrained wp-block-group-is-layout-constrained\">\n\t\n\t<div class=\"wp-block-group is-content-justification-left is-layout-flex wp-container-core-group-is-layout-dfe8e91f wp-block-group-is-layout-flex\">\n\t\t<div class=\"wp-block-post-date\"><time datetime=\"2025-12-19T08:13:25+01:00\"><a href=\"https:\/\/navigogrupa.com\/?p=85\">gru 19, 2025<\/a><\/time><\/div>\n\n\t\t\n\t\t<p class=\"has-contrast-2-color has-text-color\">\u2014<\/p>\n\t\t\n\n\t\t\n\t\t<p class=\"has-small-font-size has-contrast-2-color has-text-color\">by<\/p>\n\t\t\n\n\t\t<div class=\"wp-block-post-author-name\"><a href=\"https:\/\/navigogrupa.com\/?author=1\" target=\"_self\" class=\"wp-block-post-author-name__link\">adminNG<\/a><\/div>\n\n\t\t<div class=\"taxonomy-category wp-block-post-terms\"><span class=\"wp-block-post-terms__prefix\">w <\/span><a href=\"https:\/\/navigogrupa.com\/?cat=1\" rel=\"tag\">Bez kategorii<\/a><\/div>\n\n\t<\/div>\n\t\n<\/div>\n\n\n<\/div>\n\n<div class=\"wp-block-post-excerpt has-text-color has-contrast-2-color has-small-font-size wp-container-content-32e3a40d\"><p class=\"wp-block-post-excerpt__excerpt\">Sztuczna inteligencja (AI) rewolucjonizuje spos\u00f3b, w jaki dzia\u0142y HR funkcjonuj\u0105 na ca\u0142ym \u015bwiecie. Od automatyzacji rutynowych zada\u0144 po zaawansowan\u0105 analityk\u0119 danych, AI staje si\u0119 nieodzownym narz\u0119dziem dla nowoczesnych mened\u017cer\u00f3w zasob\u00f3w ludzkich. Rekrutacja i Selekcja Jednym z najwa\u017cniejszych obszar\u00f3w zastosowania AI jest rekrutacja. Algorytmy mog\u0105 b\u0142yskawicznie analizowa\u0107 tysi\u0105ce CV, identyfikuj\u0105c kandydat\u00f3w najlepiej pasuj\u0105cych do profilu stanowiska.&hellip; <\/p><\/div>\n\n\n<div style=\"height:0px\" aria-hidden=\"true\" class=\"wp-block-spacer wp-container-content-32e3a40d\"><\/div>\n<\/div>\n\n<\/li><\/ul><\/div>\n<\/div>\n\n\n\n<div class=\"wp-block-group alignwide is-layout-flow wp-block-group-is-layout-flow\">\n<h4 class=\"wp-block-heading has-text-align-left\"><strong>KONSULTING, SZKOLENIA, KONSULTACJE PSYCHOLOGICZNE DLA KLIENT\u00d3W BIZNESOWYCH<\/strong><\/h4>\n\n\n\n<p>Posiadamy bogate do\u015bwiadczenie we <strong>wspieraniu organizacji we wdra\u017caniu systemowych oraz audytowych rozwi\u0105za\u0144.<\/strong> Po\u015br\u00f3d realizowanych przez nas us\u0142ug znajduje si\u0119 mi\u0119dzy innymi:<\/p>\n\n\n\n<ul class=\"wp-block-list\">\n<li>audyt kompetencyjny &#8211; <strong>Assesment\/Development Center, testy kompetencyjne<\/strong><\/li>\n\n\n\n<li><strong>ocena 180\/360\u00ba<\/strong><\/li>\n\n\n\n<li><strong>budowanie modeli kompetencyjnych<\/strong><\/li>\n\n\n\n<li><strong>budowanie organizacyjnych narz\u0119dzi oceny kompetencji np. <\/strong>zadania AC\/DC, pytania do wywiadu behawioralnego, testy kompetencyjne<\/li>\n<\/ul>\n\n\n\n<p>Prowadzimy <strong>szkolenia dla pracownik\u00f3w, kadry mened\u017cerskiej oraz os\u00f3b pracuj\u0105cych w obszarze HR<\/strong>. Przyk\u0142adowe obszary tematyczne, w jakich realizujemy grupowe i indywidualne warsztaty:<\/p>\n\n\n\n<ul class=\"wp-block-list\">\n<li><strong>akademia kompetencji mened\u017cerskich<\/strong> (mi\u0119dzy innymi: motywowanie, delegowanie, monitorowanie, budowanie autorytetu, komunikowanie zmian\/trudnych decyzji, dopasowanie stylu zarz\u0105dzania do pracownik\u00f3w i sytuacji, zarz\u0105dzanie w rzeczywisto\u015bci VUCA, wra\u017canie do zespo\u0142u innowacyjnych pomys\u0142\u00f3w).<\/li>\n\n\n\n<li><strong>komunikacja<\/strong> w zespole (w tym asertywna komunikacja)<\/li>\n\n\n\n<li><strong>wsp\u00f3\u0142praca i integracja<\/strong><\/li>\n\n\n\n<li><strong>radzenie sobie ze stresem<\/strong><\/li>\n\n\n\n<li>przeciwdzia\u0142anie i radzenie sobie w <strong>wypaleniem zawodowym<\/strong><\/li>\n\n\n\n<li><strong>innowacyjno\u015b\u0107<\/strong><\/li>\n\n\n\n<li>przygotowanie pracownik\u00f3w i mened\u017cer\u00f3w do <strong>ocen okresowych<\/strong><\/li>\n\n\n\n<li>szkolenia dla os\u00f3b pracuj\u0105cych w <strong>obszarze HR<\/strong> (mi\u0119dzy innymi: wdro\u017cenie\/udoskonalenie modeli kompetencyjnych, oceny okresowej, AC\/DC, konstruktywna komunikacja w relacji z klientem wewn\u0119trznym).&nbsp;<\/li>\n<\/ul>\n\n\n\n<pre class=\"wp-block-verse\">Pracujemy <strong>w sali szkoleniowej oraz prowadzimy warsztaty online.<\/strong> <br>W obszarze pracy grupowej proponujemy klientom realizacj\u0119 <strong>sesji action learningowych, <\/strong>w ramach kt\u00f3rych uczestnicy pracuj\u0105 nad rozwi\u0105zaniami swoich realnych wyzwa\u0144 zawodowych. <br>Obszarem, w kt\u00f3rym wspieramy naszych klient\u00f3w jest r\u00f3wnie\u017c oferowanie ich pracownikom <strong>us\u0142ugi konsultacji psychologicznych.<\/strong> Nasi konsultanci posiadaj\u0105 bogate do\u015bwiadczenie w tym zakresie oraz dbaj\u0105 o ci\u0105g\u0142y rozw\u00f3j kompetencji terapeutycznych i interwencyjnych.<\/pre>\n<\/div>\n\n\n\n<div class=\"wp-block-group alignwide is-layout-flow wp-block-group-is-layout-flow\">\n<h4 class=\"wp-block-heading has-text-align-left\"><strong>US\u0141UGI DLA KLIENT\u00d3W INDYWIDUALNYCH <\/strong><\/h4>\n\n\n\n<p>Zach\u0119camy do skorzystania z naszych us\u0142ug w obszarze <strong>doradztwa karierowego, konsultacji psychologicznych i indywidualnych szkole\u0144<\/strong><\/p>\n\n\n\n<div class=\"wp-block-columns is-layout-flex wp-container-core-columns-is-layout-28f84493 wp-block-columns-is-layout-flex\">\n<div class=\"wp-block-column is-layout-flow wp-block-column-is-layout-flow\">\n<p class=\"has-text-align-center\"><strong>DORADZTWO KARIEROWE<\/strong><\/p>\n\n\n\n<pre class=\"wp-block-verse\"><strong>Co mo\u017cemy Ci zaproponowa\u0107: <\/strong><br>Indywidualne konsultacje karierowe online lub stacjonarnie w Gda\u0144sku (Zaspa). W ramach konsultacji uczestnicy mog\u0105 wype\u0142ni\u0107 testy psychologiczne i otrzymuj\u0105 pisemne podsumowanie np. styl radzenia sobie ze stresem, kwestionariusz preferencji zawodowych, odczuwana nadzieja na sukces, dominuj\u0105ce warto\u015bci. Koszt konsultacji obejmuje u\u017cycie tych narz\u0119dzi diagnostycznych.<br><br><strong>Formu\u0142a:<\/strong> 1-2 spotkania (1,5 h)<br><br><strong>Cena:<\/strong><br>\u00b7 jedno spotkanie online 270 brutto<br>\u00b7 jedno spotkanie stacjonarne 300 z\u0142 brutto<br><\/pre>\n<\/div>\n\n\n\n<div class=\"wp-block-column is-layout-flow wp-block-column-is-layout-flow\">\n<p class=\"has-text-align-center\"><strong>KONSULTACJE PSYCHOLOGICZNE<\/strong><\/p>\n\n\n\n<pre class=\"wp-block-verse\"><strong>Co mo\u017cemy Ci zaproponowa\u0107: <\/strong><br>Indywidualne rozmowy online\/stacjonarnie z psychologiem.<br><br><strong>Kto je realizuje:<\/strong> do\u015bwiadczony psycholog - \u0142\u0105czy&nbsp; podej\u015bcie konsultanta biznesu, doradcy karierowego i terapeuty.<br><br><br><br><strong>Formu\u0142a:<\/strong> stacjonarnie lub online, 1-3 spotkania (1h)<br><br><strong>Cena:<\/strong><br>\u00b7 jedno spotkanie online 180 brutto<br>\u00b7 jedno spotkanie stacjonarne 200 z\u0142 brutto<br><\/pre>\n<\/div>\n<\/div>\n\n\n\n<p class=\"has-text-align-center\"><strong>Kontakt<\/strong>: Magdalena Trzepiota, 500203381, <a href=\"mailto:magdalena.trzepiota@navigogrupa.com\">magdalena.trzepiota@navigogrupa.com<\/a><\/p>\n<\/div>\n\n\n\n<div class=\"wp-block-group alignwide is-layout-flow wp-block-group-is-layout-flow\">\n<h4 class=\"wp-block-heading has-text-align-left\"><strong>ZESP\u00d3\u0141<\/strong><\/h4>\n\n\n\n<div class=\"wp-block-columns is-layout-flex wp-container-core-columns-is-layout-28f84493 wp-block-columns-is-layout-flex\">\n<div class=\"wp-block-column is-layout-flow wp-block-column-is-layout-flow\">\n<div class=\"wp-block-media-text is-stacked-on-mobile\"><figure class=\"wp-block-media-text__media\"><img loading=\"lazy\" decoding=\"async\" width=\"683\" height=\"1024\" src=\"https:\/\/navigogrupa.com\/wp-content\/uploads\/2025\/03\/male-683x1024.jpg\" alt=\"\" class=\"wp-image-81 size-full\" srcset=\"https:\/\/navigogrupa.com\/wp-content\/uploads\/2025\/03\/male-683x1024.jpg 683w, https:\/\/navigogrupa.com\/wp-content\/uploads\/2025\/03\/male-200x300.jpg 200w, https:\/\/navigogrupa.com\/wp-content\/uploads\/2025\/03\/male-768x1152.jpg 768w, https:\/\/navigogrupa.com\/wp-content\/uploads\/2025\/03\/male-1024x1536.jpg 1024w, https:\/\/navigogrupa.com\/wp-content\/uploads\/2025\/03\/male-1365x2048.jpg 1365w, https:\/\/navigogrupa.com\/wp-content\/uploads\/2025\/03\/male-scaled.jpg 1707w\" sizes=\"auto, (max-width: 683px) 100vw, 683px\" \/><\/figure><div class=\"wp-block-media-text__content\">\n<p><strong>MAGDALENA TRZEPIOTA<\/strong><\/p>\n\n\n\n<p>Kierownik projekt\u00f3w, konsultant, trener w obszarze HR, wyk\u0142adowca, psycholog<\/p>\n<\/div><\/div>\n\n\n\n<p>Psycholog z 20letnim do\u015bwiadczeniem w zakresie oceny, wsparcia rozwoju, doradztwa karierowego pracownik\u00f3w firm oraz klient\u00f3w indywidulanych. Realizuje konsultacje psychologiczne w formie online i stacjonarnie. Wdra\u017ca projekty oceny kompetencji pracownik\u00f3w (w tym oceny okresowej, audytu 360 stopni i DC) a tak\u017ce prowadzi szkolenia z tego zakresu. Tworzy narz\u0119dzia pomiaru kompetencji zawodowych. Jest trenerem kompetencji mi\u0119kkich. Specjalizuje si\u0119 w warsztatach i pracy indywidualnej z kadr\u0105 mened\u017cersk\u0105. Realizuje sesje informacji zwrotnych po projektach oceny kompetencji Assessment\/Development Center, testy kompetencyjne, ocena 360 stopni oraz diagnozy testami psychologicznymi np. ip 121, NEOFFI, CISS.&nbsp; Jest autork\u0105 publikacji na temat oceny kompetencji pracownik\u00f3w. Od lat wsp\u00f3\u0142pracuje z uczelniami w zakresie innowacyjnych projekt\u00f3w oraz realizacji zaj\u0119\u0107 dydaktycznych. Jest wsp\u00f3\u0142w\u0142a\u015bcicielk\u0105 sp\u00f3\u0142ki spin off \u015bwiadcz\u0105cej innowacyjne us\u0142ugi w zakresie oceny i rozwoju kompetencji przysz\u0142o\u015bci.<\/p>\n\n\n\n<blockquote class=\"wp-block-quote is-style-default has-small-font-size is-layout-flow wp-block-quote-is-layout-flow\">\n<p>Psychologia wed\u0142ug mnie, ma z istoty wiele wsp\u00f3lnego ze sztuk\u0105. Powiem wi\u0119cej, psychologia je\u015bli nie jest sztuk\u0105, nie jest i nauk\u0105. Jak w sztuce cz\u0142owiek jest \u017ar\u00f3d\u0142em jej natchnienia.<\/p>\n\n\n\n<p class=\"has-text-align-right\"><a href=\"https:\/\/lubimyczytac.pl\/autor\/15992\/wieslaw-mysliwski\">Wies\u0142aw My\u015bliwski<\/a><\/p>\n<\/blockquote>\n<\/div>\n\n\n\n<div class=\"wp-block-column is-layout-flow wp-block-column-is-layout-flow\">\n<div class=\"wp-block-media-text is-stacked-on-mobile\"><figure class=\"wp-block-media-text__media\"><img loading=\"lazy\" decoding=\"async\" width=\"511\" height=\"768\" src=\"https:\/\/navigogrupa.com\/wp-content\/uploads\/2025\/03\/Kasia-Brachowska-Przenioslo.jpg\" alt=\"\" class=\"wp-image-82 size-full\" srcset=\"https:\/\/navigogrupa.com\/wp-content\/uploads\/2025\/03\/Kasia-Brachowska-Przenioslo.jpg 511w, https:\/\/navigogrupa.com\/wp-content\/uploads\/2025\/03\/Kasia-Brachowska-Przenioslo-200x300.jpg 200w\" sizes=\"auto, (max-width: 511px) 100vw, 511px\" \/><\/figure><div class=\"wp-block-media-text__content\">\n<p><strong>KATARZYNA BRACHOWSKA-PRZENIOS\u0141O<\/strong><\/p>\n\n\n\n<p>Kierownik projekt\u00f3w, konsultant, trener w obszarze HR, wyk\u0142adowca, psycholog<\/p>\n<\/div><\/div>\n\n\n\n<p>Psycholog, certyfikowany doradca zawodowy z 30letnim do\u015bwiadczeniem w zakresie oceny, wsparcia rozwoju, doradztwa karierowego pracownik\u00f3w firm oraz klient\u00f3w indywidulanych. Do\u015bwiadczony asesor w procesach oceny kompetencji metod\u0105 Assessment\/Development Center. Tworzy narz\u0119dzia pomiaru kompetencji zawodowych i dyspozycji osobistych. Przygotowuje sukcesor\u00f3w, realizuje programy rozwojowe dla kadry menad\u017cerskiej zar\u00f3wno w formule grupowej jak i indywidualnej. Realizuje sesje informacji zwrotnych po projektach oceny kompetencji Assessment\/Development Center, testy kompetencyjne, ocena 360 stopni oraz diagnozy testami psychologicznymi np. ip 121, NEOFFI, CISS.&nbsp; Jako ekspert wsp\u00f3\u0142tworzy\u0142a wst\u0119pne wytyczne dla proces\u00f3w identyfikacji&nbsp; i dokumentacji efekt\u00f3w uczenia si\u0119 w ramach projektu koordynowanego przez Instytut Bada\u0144 Edukacyjnych oraz Wojew\u00f3dzki Urz\u0105d Pracy w Krakowie.<\/p>\n\n\n\n<blockquote class=\"wp-block-quote is-style-default has-small-font-size is-layout-flow wp-block-quote-is-layout-flow\">\n<p>W rozwoju r\u00f3wnie wa\u017cne jest nabycie nowych zachowa\u0144, jak i oduczenie si\u0119 z\u0142ych nawyk\u00f3w.<\/p>\n<\/blockquote>\n<\/div>\n<\/div>\n<\/div>\n\n\n\n<figure class=\"wp-block-image alignfull size-full\"><img decoding=\"async\" src=\"https:\/\/navigogrupa.com\/wp-content\/themes\/twentytwenty\/assets\/images\/2020-landscape-2.png\" alt=\"\" class=\"wp-image-37\"\/><\/figure>\n\n\n\n<div class=\"wp-block-group alignwide is-layout-flow wp-block-group-is-layout-flow\">\n<h4 class=\"wp-block-heading has-text-align-left\"><strong>SKLEP<\/strong><\/h4>\n\n\n\n<p>Zapraszamy do naszego sklepu, gdzie oferujemy <strong>publikacje zwi\u0105zane z AC\/DC:<\/strong><\/p>\n\n\n\n<ul class=\"wp-block-list\">\n<li>gotowe zestawy diagnostyczne<\/li>\n\n\n\n<li>pojedyncze zadania<\/li>\n\n\n\n<li>podr\u0119cznik metodologii AC\/DC<\/li>\n<\/ul>\n\n\n\n<div class=\"wp-block-buttons is-layout-flex wp-block-buttons-is-layout-flex\">\n<div class=\"wp-block-button\"><a class=\"wp-block-button__link wp-element-button\" href=\"https:\/\/sklep.navigogrupa.com\/\" target=\"_blank\" rel=\"noreferrer noopener\">ODWIED\u0179 NASZ SKLEP<\/a><\/div>\n<\/div>\n<\/div>\n","protected":false},"excerpt":{"rendered":"<p>NAVIGO Grupa \u2013 O NAS NAVIGO Grupa to firma doradczo \u2013 szkoleniowa specjalizuj\u0105ca si\u0119 w diagnozie kompetencji oraz wdra\u017caniu rozwi\u0105za\u0144 HR wspieraj\u0105cych efektywno\u015b\u0107 organizacji oraz dynamik\u0119 rozwoju jej pracownik\u00f3w. Nasz zesp\u00f3\u0142 to do\u015bwiadczeni konsultanci, kt\u00f3rzy od ponad 20 lat z sukcesami zajmuj\u0105 si\u0119 realizacj\u0105 projekt\u00f3w doradczych i szkoleniowych. \u0141\u0105czymy w sobie podej\u015bcie psychologiczne wyniesione z [&hellip;]<\/p>\n","protected":false},"author":1,"featured_media":5,"parent":0,"menu_order":0,"comment_status":"closed","ping_status":"closed","template":"","meta":{"footnotes":""},"class_list":["post-6","page","type-page","status-publish","has-post-thumbnail","hentry"],"_links":{"self":[{"href":"https:\/\/navigogrupa.com\/index.php?rest_route=\/wp\/v2\/pages\/6","targetHints":{"allow":["GET"]}}],"collection":[{"href":"https:\/\/navigogrupa.com\/index.php?rest_route=\/wp\/v2\/pages"}],"about":[{"href":"https:\/\/navigogrupa.com\/index.php?rest_route=\/wp\/v2\/types\/page"}],"author":[{"embeddable":true,"href":"https:\/\/navigogrupa.com\/index.php?rest_route=\/wp\/v2\/users\/1"}],"replies":[{"embeddable":true,"href":"https:\/\/navigogrupa.com\/index.php?rest_route=%2Fwp%2Fv2%2Fcomments&post=6"}],"version-history":[{"count":18,"href":"https:\/\/navigogrupa.com\/index.php?rest_route=\/wp\/v2\/pages\/6\/revisions"}],"predecessor-version":[{"id":83,"href":"https:\/\/navigogrupa.com\/index.php?rest_route=\/wp\/v2\/pages\/6\/revisions\/83"}],"wp:featuredmedia":[{"embeddable":true,"href":"https:\/\/navigogrupa.com\/index.php?rest_route=\/wp\/v2\/media\/5"}],"wp:attachment":[{"href":"https:\/\/navigogrupa.com\/index.php?rest_route=%2Fwp%2Fv2%2Fmedia&parent=6"}],"curies":[{"name":"wp","href":"https:\/\/api.w.org\/{rel}","templated":true}]}}